{"id":13,"date":"2025-03-06T22:24:25","date_gmt":"2025-03-06T22:24:25","guid":{"rendered":"https:\/\/infotec06.ghsvids.org\/MG_Creations\/?page_id=13"},"modified":"2025-06-10T02:10:47","modified_gmt":"2025-06-10T02:10:47","slug":"home","status":"publish","type":"page","link":"https:\/\/infotec06.ghsvids.org\/MG_Creations\/","title":{"rendered":"Home"},"content":{"rendered":"<p>\u00a1Hola!\u00a0Algunas de las personalizaciones que hago son playeras con vinyl, tazas sublimadas, llaveros sublimados, llaveros con vinil (sticker), basos, termos. Todo personalizado para cada ocasi\u00f3n, cumplea\u00f1os, graduacion, dia de la madre, dia del padre, primera comuni\u00f3n, confirmacion.<br \/>\n<img loading=\"lazy\" decoding=\"async\" class=\"size-medium wp-image-207 aligncenter\" src=\"https:\/\/infotec06.ghsvids.org\/MG_Creations\/wp-content\/uploads\/2025\/06\/01f06e38-55c0-475b-9992-7cc1b6a1177e-300x298.jpeg\" alt=\"\" width=\"300\" height=\"298\" srcset=\"https:\/\/infotec06.ghsvids.org\/MG_Creations\/wp-content\/uploads\/2025\/06\/01f06e38-55c0-475b-9992-7cc1b6a1177e-300x298.jpeg 300w, https:\/\/infotec06.ghsvids.org\/MG_Creations\/wp-content\/uploads\/2025\/06\/01f06e38-55c0-475b-9992-7cc1b6a1177e-150x150.jpeg 150w, https:\/\/infotec06.ghsvids.org\/MG_Creations\/wp-content\/uploads\/2025\/06\/01f06e38-55c0-475b-9992-7cc1b6a1177e.jpeg 450w\" sizes=\"auto, (max-width: 300px) 100vw, 300px\" \/><\/p>\n","protected":false},"excerpt":{"rendered":"<p>\u00a1Hola!\u00a0Algunas de las personalizaciones que hago son playeras con vinyl, tazas sublimadas, llaveros sublimados, llaveros con vinil (sticker), basos, termos. Todo personalizado para cada ocasi\u00f3n, cumplea\u00f1os, graduacion, dia de la madre, dia del padre, primera comuni\u00f3n, confirmacion.<\/p>\n","protected":false},"author":1,"featured_media":0,"parent":0,"menu_order":1,"comment_status":"closed","ping_status":"closed","template":"","meta":{"pagelayer_contact_templates":[],"_pagelayer_content":"","footnotes":""},"class_list":["post-13","page","type-page","status-publish","hentry"],"_links":{"self":[{"href":"https:\/\/infotec06.ghsvids.org\/MG_Creations\/wp-json\/wp\/v2\/pages\/13","targetHints":{"allow":["GET"]}}],"collection":[{"href":"https:\/\/infotec06.ghsvids.org\/MG_Creations\/wp-json\/wp\/v2\/pages"}],"about":[{"href":"https:\/\/infotec06.ghsvids.org\/MG_Creations\/wp-json\/wp\/v2\/types\/page"}],"author":[{"embeddable":true,"href":"https:\/\/infotec06.ghsvids.org\/MG_Creations\/wp-json\/wp\/v2\/users\/1"}],"replies":[{"embeddable":true,"href":"https:\/\/infotec06.ghsvids.org\/MG_Creations\/wp-json\/wp\/v2\/comments?post=13"}],"version-history":[{"count":7,"href":"https:\/\/infotec06.ghsvids.org\/MG_Creations\/wp-json\/wp\/v2\/pages\/13\/revisions"}],"predecessor-version":[{"id":305,"href":"https:\/\/infotec06.ghsvids.org\/MG_Creations\/wp-json\/wp\/v2\/pages\/13\/revisions\/305"}],"wp:attachment":[{"href":"https:\/\/infotec06.ghsvids.org\/MG_Creations\/wp-json\/wp\/v2\/media?parent=13"}],"curies":[{"name":"wp","href":"https:\/\/api.w.org\/{rel}","templated":true}]}}